{"id":75,"date":"2023-05-05T17:38:18","date_gmt":"2023-05-05T17:38:18","guid":{"rendered":"http:\/\/www.hacienda-victoria.com\/es\/?page_id=75"},"modified":"2023-06-22T23:18:08","modified_gmt":"2023-06-23T04:18:08","slug":"nuestro-cacao","status":"publish","type":"page","link":"http:\/\/www.hacienda-victoria.com\/es\/nuestro-cacao\/","title":{"rendered":"Nuestro Cacao"},"content":{"rendered":"<p>[et_pb_section fb_built=\u00bb1&#8243; _builder_version=\u00bb4.21.0&#8243; _module_preset=\u00bbdefault\u00bb background_image=\u00bbhttp:\/\/www.hacienda-victoria.com\/es\/wp-content\/uploads\/2023\/05\/hacienda-victoria2.jpg\u00bb parallax=\u00bbon\u00bb min_height=\u00bb582px\u00bb custom_padding=\u00bb0px||0px|||\u00bb global_colors_info=\u00bb{}\u00bb][et_pb_row _builder_version=\u00bb4.21.0&#8243; _module_preset=\u00bbdefault\u00bb width=\u00bb100%\u00bb max_width=\u00bb1596px\u00bb module_alignment=\u00bbcenter\u00bb custom_padding=\u00bb0px||142px|||\u00bb global_colors_info=\u00bb{}\u00bb][et_pb_column type=\u00bb4_4&#8243; _builder_version=\u00bb4.21.0&#8243; _module_preset=\u00bbdefault\u00bb global_colors_info=\u00bb{}\u00bb][\/et_pb_column][\/et_pb_row][et_pb_row _builder_version=\u00bb4.21.0&#8243; _module_preset=\u00bbdefault\u00bb custom_padding=\u00bb||130px|||\u00bb global_colors_info=\u00bb{}\u00bb][et_pb_column type=\u00bb4_4&#8243; _builder_version=\u00bb4.21.0&#8243; _module_preset=\u00bbdefault\u00bb global_colors_info=\u00bb{}\u00bb][et_pb_text _builder_version=\u00bb4.21.0&#8243; _module_preset=\u00bbdefault\u00bb header_text_color=\u00bb#F2E9DD\u00bb header_font_size=\u00bb82px\u00bb header_letter_spacing=\u00bb2px\u00bb global_colors_info=\u00bb{}\u00bb]<\/p>\n<h1 style=\"text-align: left;\">NUESTRO CACAO<\/h1>\n<p>[\/et_pb_text][\/et_pb_column][\/et_pb_row][\/et_pb_section][et_pb_section fb_built=\u00bb1&#8243; _builder_version=\u00bb4.21.0&#8243; _module_preset=\u00bbdefault\u00bb background_color=\u00bb#FFB85A\u00bb min_height=\u00bb40px\u00bb height=\u00bb40px\u00bb max_height=\u00bb40px\u00bb custom_padding=\u00bb50px||0px|||\u00bb global_colors_info=\u00bb{}\u00bb][et_pb_row column_structure=\u00bb1_2,1_2&#8243; _builder_version=\u00bb4.21.0&#8243; _module_preset=\u00bbdefault\u00bb custom_margin=\u00bb34px||||false|false\u00bb hover_enabled=\u00bb0&#8243; global_colors_info=\u00bb{}\u00bb sticky_enabled=\u00bb0&#8243;][et_pb_column type=\u00bb1_2&#8243; _builder_version=\u00bb4.21.0&#8243; _module_preset=\u00bbdefault\u00bb global_colors_info=\u00bb{}\u00bb][et_pb_image src=\u00bbhttp:\/\/www.hacienda-victoria.com\/es\/wp-content\/uploads\/2023\/05\/Ilustracion2.png\u00bb title_text=\u00bbIlustracion2&#8243; align=\u00bbcenter\u00bb _builder_version=\u00bb4.21.0&#8243; _module_preset=\u00bbdefault\u00bb max_width=\u00bb75%\u00bb custom_margin=\u00bb17px||-2px|||\u00bb custom_padding=\u00bb||0px|||\u00bb global_colors_info=\u00bb{}\u00bb][\/et_pb_image][et_pb_text _builder_version=\u00bb4.21.0&#8243; _module_preset=\u00bbdefault\u00bb text_font=\u00bbBraveold Medium||||||||\u00bb text_text_color=\u00bb#483C38&#8243; text_font_size=\u00bb36px\u00bb text_orientation=\u00bbcenter\u00bb custom_margin=\u00bb13px||22px||false|false\u00bb global_colors_info=\u00bb{}\u00bb]<\/p>\n<p>Nacional Arriba<\/p>\n<p>[\/et_pb_text][et_pb_text _builder_version=\u00bb4.21.0&#8243; _module_preset=\u00bbdefault\u00bb text_text_color=\u00bb#483C38&#8243; text_font_size=\u00bb19px\u00bb min_height=\u00bb39.8px\u00bb custom_margin=\u00bb-6px|||||\u00bb hover_enabled=\u00bb0&#8243; global_colors_info=\u00bb{}\u00bb sticky_enabled=\u00bb0&#8243;]<\/p>\n<p style=\"text-align: center;\">Cultivado Tradicionalmente<\/p>\n<p>[\/et_pb_text][\/et_pb_column][et_pb_column type=\u00bb1_2&#8243; _builder_version=\u00bb4.21.0&#8243; _module_preset=\u00bbdefault\u00bb global_colors_info=\u00bb{}\u00bb][et_pb_image src=\u00bbhttp:\/\/www.hacienda-victoria.com\/es\/wp-content\/uploads\/2023\/05\/foto-cacao1.jpg\u00bb title_text=\u00bbfoto-cacao1&#8243; align=\u00bbcenter\u00bb _builder_version=\u00bb4.21.0&#8243; _module_preset=\u00bbdefault\u00bb max_width=\u00bb86%\u00bb custom_margin=\u00bb||-2px|||\u00bb custom_padding=\u00bb||0px|||\u00bb global_colors_info=\u00bb{}\u00bb][\/et_pb_image][\/et_pb_column][\/et_pb_row][\/et_pb_section][et_pb_section fb_built=\u00bb1&#8243; _builder_version=\u00bb4.21.0&#8243; _module_preset=\u00bbdefault\u00bb background_color=\u00bb#F2E9DD\u00bb custom_padding=\u00bb71px||51px|||\u00bb global_colors_info=\u00bb{}\u00bb][et_pb_row _builder_version=\u00bb4.21.0&#8243; _module_preset=\u00bbdefault\u00bb global_colors_info=\u00bb{}\u00bb][et_pb_column type=\u00bb4_4&#8243; _builder_version=\u00bb4.21.0&#8243; _module_preset=\u00bbdefault\u00bb global_colors_info=\u00bb{}\u00bb][et_pb_text _builder_version=\u00bb4.21.0&#8243; _module_preset=\u00bbdefault\u00bb text_font=\u00bbLato||||||||\u00bb text_font_size=\u00bb18px\u00bb text_line_height=\u00bb1.8em\u00bb text_orientation=\u00bbcenter\u00bb custom_padding=\u00bb71px|||||\u00bb global_colors_info=\u00bb{}\u00bb]<\/p>\n<p>Los or\u00edgenes m\u00e1s antiguos del cacao se remontan hace 5.300 a\u00f1os. Desde entonces, su interacci\u00f3n con la cultura ecuatoriana ha pasado por varias fases y la lucha por mantener las distintivas notas ancestrales del \u00e1rbol madre, ha permitido el acceso a formidables fincas para producir cacao de sabor fino, pero no muchos pueden garantizar granos 100% Nacional Arriba. Y aqu\u00ed es donde entra Victoria.<\/p>\n<p>Un \u00e1rbol de cacao tarda aproximadamente 5 a\u00f1os en florecer por completo. Aqu\u00ed en Victoria, hemos estudiado cuidadosamente los \u00e1rboles Nacional Arriba seleccionados de un banco de semillas Nacional Arriba establecido. A partir de ah\u00ed, medimos el agua, la nutrici\u00f3n, la exposici\u00f3n al sol, el dise\u00f1o de siembra, la cosecha, las condiciones clim\u00e1ticas; el proceso de investigaci\u00f3n nunca termina, pero despu\u00e9s de observar de cerca un ciclo completo de floraci\u00f3n, pudimos reconocer los rasgos ancestrales y reproducirlos mediante selecci\u00f3n natural. Esto asegura consistencia en sabor y calidad en todo el campo.<\/p>\n<p>Adem\u00e1s, nuestro proceso de fermentaci\u00f3n nos permite crear notas organol\u00e9pticas personalizadas. Nuestro sistema artesanal crea una amplia gama de sabores: desde uno equilibrado con notas a nueces y baja acidez y astringencia, hasta uno amargo con cuerpo y aroma floral. Las posibilidades son infinitas y nuestros expertos est\u00e1n listos para el desaf\u00edo.<\/p>\n<p>[\/et_pb_text][\/et_pb_column][\/et_pb_row][et_pb_row column_structure=\u00bb1_2,1_2&#8243; _builder_version=\u00bb4.21.0&#8243; _module_preset=\u00bbdefault\u00bb custom_margin=\u00bb19px|auto||auto||\u00bb global_colors_info=\u00bb{}\u00bb][et_pb_column type=\u00bb1_2&#8243; _builder_version=\u00bb4.21.0&#8243; _module_preset=\u00bbdefault\u00bb global_colors_info=\u00bb{}\u00bb][et_pb_image src=\u00bbhttp:\/\/www.hacienda-victoria.com\/es\/wp-content\/uploads\/2023\/06\/foto-cacao7.jpg\u00bb title_text=\u00bbfoto-cacao7&#8243; _builder_version=\u00bb4.21.0&#8243; _module_preset=\u00bbdefault\u00bb custom_margin=\u00bb||29px|||\u00bb global_colors_info=\u00bb{}\u00bb][\/et_pb_image][\/et_pb_column][et_pb_column type=\u00bb1_2&#8243; _builder_version=\u00bb4.21.0&#8243; _module_preset=\u00bbdefault\u00bb global_colors_info=\u00bb{}\u00bb][et_pb_image src=\u00bbhttp:\/\/www.hacienda-victoria.com\/es\/wp-content\/uploads\/2023\/06\/foto-cacao6.jpg\u00bb title_text=\u00bbfoto-cacao6&#8243; _builder_version=\u00bb4.21.0&#8243; _module_preset=\u00bbdefault\u00bb custom_margin=\u00bb||29px|||\u00bb global_colors_info=\u00bb{}\u00bb][\/et_pb_image][\/et_pb_column][\/et_pb_row][et_pb_row column_structure=\u00bb1_2,1_2&#8243; _builder_version=\u00bb4.21.0&#8243; _module_preset=\u00bbdefault\u00bb global_colors_info=\u00bb{}\u00bb][et_pb_column type=\u00bb1_2&#8243; _builder_version=\u00bb4.21.0&#8243; _module_preset=\u00bbdefault\u00bb global_colors_info=\u00bb{}\u00bb][et_pb_divider show_divider=\u00bboff\u00bb _builder_version=\u00bb4.21.0&#8243; _module_preset=\u00bbdefault\u00bb custom_margin=\u00bb4px|||||\u00bb custom_padding=\u00bb0px||15px|||\u00bb global_colors_info=\u00bb{}\u00bb][\/et_pb_divider][et_pb_text _builder_version=\u00bb4.21.0&#8243; _module_preset=\u00bbdefault\u00bb text_font=\u00bbBraveold Medium||||||||\u00bb text_text_color=\u00bb#483C38&#8243; text_font_size=\u00bb36px\u00bb text_orientation=\u00bbcenter\u00bb custom_margin=\u00bb13px||22px||false|false\u00bb link_option_url=\u00bbhttps:\/\/www.instagram.com\/stories\/highlights\/18162560104007256\/\u00bb link_option_url_new_window=\u00bbon\u00bb hover_enabled=\u00bb0&#8243; global_colors_info=\u00bb{}\u00bb sticky_enabled=\u00bb0&#8243;]<\/p>\n<p>Hecho con Victoria<\/p>\n<p>[\/et_pb_text][et_pb_text _builder_version=\u00bb4.21.0&#8243; _module_preset=\u00bbdefault\u00bb text_text_color=\u00bb#483C38&#8243; text_font_size=\u00bb19px\u00bb min_height=\u00bb39.8px\u00bb custom_margin=\u00bb-6px|||||\u00bb link_option_url=\u00bbhttps:\/\/www.instagram.com\/stories\/highlights\/18162560104007256\/\u00bb link_option_url_new_window=\u00bbon\u00bb hover_enabled=\u00bb0&#8243; global_colors_info=\u00bb{}\u00bb sticky_enabled=\u00bb0&#8243;]<\/p>\n<p style=\"text-align: center;\">Mira todos nuestros clientes<br \/>al rededor del mundo que prefieren nuestro cacao<\/p>\n<p>[\/et_pb_text][\/et_pb_column][et_pb_column type=\u00bb1_2&#8243; _builder_version=\u00bb4.21.0&#8243; _module_preset=\u00bbdefault\u00bb global_colors_info=\u00bb{}\u00bb][et_pb_image src=\u00bbhttp:\/\/www.hacienda-victoria.com\/es\/wp-content\/uploads\/2023\/05\/Ilustracion3.png\u00bb title_text=\u00bbIlustracion3&#8243; url=\u00bbhttps:\/\/www.instagram.com\/stories\/highlights\/18162560104007256\/\u00bb url_new_window=\u00bbon\u00bb align=\u00bbcenter\u00bb _builder_version=\u00bb4.21.0&#8243; _module_preset=\u00bbdefault\u00bb max_width=\u00bb72%\u00bb custom_margin=\u00bb-23px|||||\u00bb global_colors_info=\u00bb{}\u00bb][\/et_pb_image][\/et_pb_column][\/et_pb_row][\/et_pb_section][et_pb_section fb_built=\u00bb1&#8243; _builder_version=\u00bb4.21.0&#8243; _module_preset=\u00bbdefault\u00bb background_color=\u00bb#f4d4ae\u00bb custom_padding=\u00bb33px|||||\u00bb global_colors_info=\u00bb{}\u00bb][et_pb_row _builder_version=\u00bb4.21.0&#8243; _module_preset=\u00bbdefault\u00bb custom_padding=\u00bb20px|||||\u00bb global_colors_info=\u00bb{}\u00bb][et_pb_column type=\u00bb4_4&#8243; _builder_version=\u00bb4.21.0&#8243; _module_preset=\u00bbdefault\u00bb global_colors_info=\u00bb{}\u00bb][et_pb_image src=\u00bbhttp:\/\/www.hacienda-victoria.com\/es\/wp-content\/uploads\/2023\/05\/HV-logo1.png\u00bb title_text=\u00bbHV-logo1&#8243; align=\u00bbcenter\u00bb _builder_version=\u00bb4.21.0&#8243; _module_preset=\u00bbdefault\u00bb max_width=\u00bb12%\u00bb custom_margin=\u00bb||17px|||\u00bb global_colors_info=\u00bb{}\u00bb][\/et_pb_image][et_pb_text _builder_version=\u00bb4.21.0&#8243; _module_preset=\u00bbdefault\u00bb text_font=\u00bbBraveold Light||||||||\u00bb text_text_color=\u00bb#483C38&#8243; text_font_size=\u00bb38px\u00bb text_letter_spacing=\u00bb1px\u00bb text_line_height=\u00bb1.1em\u00bb text_orientation=\u00bbcenter\u00bb hover_enabled=\u00bb0&#8243; global_colors_info=\u00bb{}\u00bb sticky_enabled=\u00bb0&#8243;]<\/p>\n<p><span>Arriba proviene de la palabra \u00abarriba\u00bb y durante la \u00e9poca colonial y hasta mediados del siglo XX adquiri\u00f3 este nombre porque el cacao se transportaba desde las regiones altas hacia el r\u00edo Guayas.<\/span><\/p>\n<p>[\/et_pb_text][\/et_pb_column][\/et_pb_row][\/et_pb_section][et_pb_section fb_built=\u00bb1&#8243; _builder_version=\u00bb4.21.0&#8243; _module_preset=\u00bbdefault\u00bb background_color=\u00bb#2F513F\u00bb custom_padding=\u00bb9px||27px|||\u00bb global_module=\u00bb68&#8243; saved_tabs=\u00bball\u00bb global_colors_info=\u00bb{}\u00bb][et_pb_row column_structure=\u00bb1_2,1_2&#8243; _builder_version=\u00bb4.21.0&#8243; _module_preset=\u00bbdefault\u00bb width=\u00bb100%\u00bb max_width=\u00bb1088px\u00bb custom_padding=\u00bb|13px||9px|false|false\u00bb border_radii=\u00bbon|8px|8px|8px|8px\u00bb global_colors_info=\u00bb{}\u00bb custom_margin__hover_enabled=\u00bbon|desktop\u00bb][et_pb_column type=\u00bb1_2&#8243; _builder_version=\u00bb4.21.0&#8243; _module_preset=\u00bbdefault\u00bb global_colors_info=\u00bb{}\u00bb][et_pb_image src=\u00bbhttp:\/\/www.hacienda-victoria.com\/es\/wp-content\/uploads\/2023\/05\/HV-logo2.png\u00bb alt=\u00bbhacienda victoria cacao ecuador premium<br \/>\n\u00bb title_text=\u00bbHV-logo2&#8243; _builder_version=\u00bb4.21.0&#8243; _module_preset=\u00bbdefault\u00bb max_width=\u00bb51%\u00bb module_alignment=\u00bbleft\u00bb global_colors_info=\u00bb{}\u00bb][\/et_pb_image][\/et_pb_column][et_pb_column type=\u00bb1_2&#8243; _builder_version=\u00bb4.21.0&#8243; _module_preset=\u00bbdefault\u00bb global_colors_info=\u00bb{}\u00bb][et_pb_text _builder_version=\u00bb4.21.0&#8243; _module_preset=\u00bbdefault\u00bb text_text_color=\u00bb#F2E9DD\u00bb global_colors_info=\u00bb{}\u00bb]<\/p>\n<p style=\"text-align: right;\">Cacao Nacional Arriba<br \/>Guayaquil, Ecuador \u00ae Todos los derechos reservados<\/p>\n<p>[\/et_pb_text][\/et_pb_column][\/et_pb_row][\/et_pb_section]<\/p>\n","protected":false},"excerpt":{"rendered":"<p>NUESTRO CACAONacional ArribaCultivado TradicionalmenteLos or\u00edgenes m\u00e1s antiguos del cacao se remontan hace 5.300 a\u00f1os. Desde entonces, su interacci\u00f3n con la cultura ecuatoriana ha pasado por varias fases y la lucha por mantener las distintivas notas ancestrales del \u00e1rbol madre, ha permitido el acceso a formidables fincas para producir cacao de sabor fino, pero no muchos [&hellip;]<\/p>\n","protected":false},"author":1,"featured_media":0,"parent":0,"menu_order":0,"comment_status":"closed","ping_status":"closed","template":"","meta":{"_et_pb_use_builder":"on","_et_pb_old_content":"<!-- wp:divi\/placeholder \/-->","_et_gb_content_width":""},"_links":{"self":[{"href":"http:\/\/www.hacienda-victoria.com\/es\/wp-json\/wp\/v2\/pages\/75"}],"collection":[{"href":"http:\/\/www.hacienda-victoria.com\/es\/wp-json\/wp\/v2\/pages"}],"about":[{"href":"http:\/\/www.hacienda-victoria.com\/es\/wp-json\/wp\/v2\/types\/page"}],"author":[{"embeddable":true,"href":"http:\/\/www.hacienda-victoria.com\/es\/wp-json\/wp\/v2\/users\/1"}],"replies":[{"embeddable":true,"href":"http:\/\/www.hacienda-victoria.com\/es\/wp-json\/wp\/v2\/comments?post=75"}],"version-history":[{"count":22,"href":"http:\/\/www.hacienda-victoria.com\/es\/wp-json\/wp\/v2\/pages\/75\/revisions"}],"predecessor-version":[{"id":246,"href":"http:\/\/www.hacienda-victoria.com\/es\/wp-json\/wp\/v2\/pages\/75\/revisions\/246"}],"wp:attachment":[{"href":"http:\/\/www.hacienda-victoria.com\/es\/wp-json\/wp\/v2\/media?parent=75"}],"curies":[{"name":"wp","href":"https:\/\/api.w.org\/{rel}","templated":true}]}}