{"id":99,"date":"2023-05-05T18:42:57","date_gmt":"2023-05-05T18:42:57","guid":{"rendered":"http:\/\/www.hacienda-victoria.com\/es\/?page_id=99"},"modified":"2023-07-17T19:13:34","modified_gmt":"2023-07-18T00:13:34","slug":"victoria-en-accion","status":"publish","type":"page","link":"http:\/\/www.hacienda-victoria.com\/es\/victoria-en-accion\/","title":{"rendered":"Victoria en Acci\u00f3n"},"content":{"rendered":"\n[et_pb_section fb_built=\u00bb1&#8243; _builder_version=\u00bb4.21.0&#8243; _module_preset=\u00bbdefault\u00bb background_image=\u00bbhttp:\/\/www.hacienda-victoria.com\/es\/wp-content\/uploads\/2023\/05\/hacienda-victoria3.jpg\u00bb parallax=\u00bbon\u00bb min_height=\u00bb604px\u00bb custom_padding=\u00bb0px||0px|||\u00bb global_colors_info=\u00bb{}\u00bb][et_pb_row _builder_version=\u00bb4.21.0&#8243; _module_preset=\u00bbdefault\u00bb width=\u00bb100%\u00bb max_width=\u00bb1596px\u00bb module_alignment=\u00bbcenter\u00bb custom_padding=\u00bb0px||142px|||\u00bb global_colors_info=\u00bb{}\u00bb][et_pb_column type=\u00bb4_4&#8243; _builder_version=\u00bb4.21.0&#8243; _module_preset=\u00bbdefault\u00bb global_colors_info=\u00bb{}\u00bb][\/et_pb_column][\/et_pb_row][et_pb_row _builder_version=\u00bb4.21.0&#8243; _module_preset=\u00bbdefault\u00bb custom_padding=\u00bb||141px|||\u00bb global_colors_info=\u00bb{}\u00bb][et_pb_column type=\u00bb4_4&#8243; _builder_version=\u00bb4.21.0&#8243; _module_preset=\u00bbdefault\u00bb global_colors_info=\u00bb{}\u00bb][et_pb_text _builder_version=\u00bb4.21.0&#8243; _module_preset=\u00bbdefault\u00bb header_text_color=\u00bb#F2E9DD\u00bb header_font_size=\u00bb82px\u00bb header_letter_spacing=\u00bb2px\u00bb custom_margin=\u00bb74px|||||\u00bb custom_padding=\u00bb2px|||||\u00bb header_font_size_tablet=\u00bb82px\u00bb header_font_size_phone=\u00bb58px\u00bb header_font_size_last_edited=\u00bbon|phone\u00bb global_colors_info=\u00bb{}\u00bb]<h1 style=\"text-align: left;\">VICTORIA EN ACCI\u00d3N<\/h1>[\/et_pb_text][\/et_pb_column][\/et_pb_row][\/et_pb_section][et_pb_section fb_built=\u00bb1&#8243; _builder_version=\u00bb4.21.0&#8243; _module_preset=\u00bbdefault\u00bb background_color=\u00bb#FFB85A\u00bb min_height=\u00bb40px\u00bb height=\u00bb40px\u00bb max_height=\u00bb40px\u00bb custom_padding=\u00bb50px||0px|||\u00bb global_colors_info=\u00bb{}\u00bb][\/et_pb_section][et_pb_section fb_built=\u00bb1&#8243; _builder_version=\u00bb4.21.0&#8243; _module_preset=\u00bbdefault\u00bb background_color=\u00bb#F2E9DD\u00bb global_colors_info=\u00bb{}\u00bb][et_pb_row column_structure=\u00bb1_2,1_2&#8243; _builder_version=\u00bb4.21.0&#8243; _module_preset=\u00bbdefault\u00bb custom_margin=\u00bb34px||||false|false\u00bb global_colors_info=\u00bb{}\u00bb][et_pb_column type=\u00bb1_2&#8243; _builder_version=\u00bb4.21.0&#8243; _module_preset=\u00bbdefault\u00bb global_colors_info=\u00bb{}\u00bb][et_pb_text _builder_version=\u00bb4.21.0&#8243; _module_preset=\u00bbdefault\u00bb text_font=\u00bbBraveold Medium||||||||\u00bb text_text_color=\u00bb#483C38&#8243; text_font_size=\u00bb36px\u00bb text_orientation=\u00bbcenter\u00bb custom_margin=\u00bb13px||22px||false|false\u00bb global_colors_info=\u00bb{}\u00bb]<p>Nuestro Equipo<\/p>[\/et_pb_text][et_pb_text _builder_version=\u00bb4.21.0&#8243; _module_preset=\u00bbdefault\u00bb text_font=\u00bbLato||||||||\u00bb text_font_size=\u00bb18px\u00bb text_line_height=\u00bb1.8em\u00bb text_orientation=\u00bbcenter\u00bb custom_padding=\u00bb11px|||||\u00bb global_colors_info=\u00bb{}\u00bb]<p>Con menos del 1% de rotaci\u00f3n de empleados desde su establecimiento en 2011, a nuestros miembros del equipo se les proporcionan visitas m\u00e9dicas quincenales, instalaciones de vida certificadas por Rainforest Alliance que incluyen una cocina totalmente equipada con tres comidas calientes al d\u00eda, reuniones trimestrales con un especialista financiero que los gu\u00eda sobre c\u00f3mo administrar adecuadamente sus ingresos, as\u00ed como un programa de becas para aquellos que deseen involucrarse a\u00fan m\u00e1s en las diversas \u00e1reas que ofrece el cacao.<\/p>[\/et_pb_text][\/et_pb_column][et_pb_column type=\u00bb1_2&#8243; _builder_version=\u00bb4.21.0&#8243; _module_preset=\u00bbdefault\u00bb global_colors_info=\u00bb{}\u00bb][et_pb_image src=\u00bbhttp:\/\/www.hacienda-victoria.com\/es\/wp-content\/uploads\/2023\/06\/in-action1.jpg\u00bb title_text=\u00bbin-action1&#8243; align=\u00bbcenter\u00bb _builder_version=\u00bb4.21.0&#8243; _module_preset=\u00bbdefault\u00bb max_width=\u00bb86%\u00bb custom_margin=\u00bb||-2px|||\u00bb custom_padding=\u00bb||0px|||\u00bb global_colors_info=\u00bb{}\u00bb][\/et_pb_image][\/et_pb_column][\/et_pb_row][et_pb_row column_structure=\u00bb1_2,1_2&#8243; _builder_version=\u00bb4.21.0&#8243; _module_preset=\u00bbdefault\u00bb custom_margin=\u00bb40px|auto||auto|false|false\u00bb custom_css_main_element=\u00bbdisplay: flex;||flex-wrap: wrap;\u00bb global_colors_info=\u00bb{}\u00bb][et_pb_column type=\u00bb1_2&#8243; _builder_version=\u00bb4.21.0&#8243; _module_preset=\u00bbdefault\u00bb custom_padding=\u00bb||||false|false\u00bb custom_padding_tablet=\u00bb30px||||false|false\u00bb custom_padding_phone=\u00bb30px||||false|false\u00bb custom_padding_last_edited=\u00bbon|tablet\u00bb global_colors_info=\u00bb{}\u00bb custom_css_main_element_last_edited=\u00bbon|tablet\u00bb custom_css_main_element_tablet=\u00bborder: 2;\u00bb custom_css_main_element_phone=\u00bborder: 2;\u00bb][et_pb_image src=\u00bbhttp:\/\/www.hacienda-victoria.com\/es\/wp-content\/uploads\/2023\/06\/in-action2.jpg\u00bb title_text=\u00bbin-action2&#8243; url=\u00bbhttps:\/\/fundacionjambeli.org\/\u00bb url_new_window=\u00bbon\u00bb align=\u00bbcenter\u00bb _builder_version=\u00bb4.21.0&#8243; _module_preset=\u00bbdefault\u00bb max_width=\u00bb86%\u00bb custom_margin=\u00bb||-2px|||\u00bb custom_padding=\u00bb||0px|||\u00bb global_colors_info=\u00bb{}\u00bb][\/et_pb_image][\/et_pb_column][et_pb_column type=\u00bb1_2&#8243; _builder_version=\u00bb4.21.0&#8243; _module_preset=\u00bbdefault\u00bb global_colors_info=\u00bb{}\u00bb custom_css_main_element_last_edited=\u00bbon|tablet\u00bb custom_css_main_element_tablet=\u00bborder: 1;\u00bb custom_css_main_element_phone=\u00bborder: 1;\u00bb][et_pb_text _builder_version=\u00bb4.21.0&#8243; _module_preset=\u00bbdefault\u00bb text_font=\u00bbBraveold Medium||||||||\u00bb text_text_color=\u00bb#483C38&#8243; text_font_size=\u00bb36px\u00bb text_orientation=\u00bbcenter\u00bb custom_margin=\u00bb13px||22px||false|false\u00bb global_colors_info=\u00bb{}\u00bb]<p>Aves Nativas<\/p>[\/et_pb_text][et_pb_text _builder_version=\u00bb4.21.0&#8243; _module_preset=\u00bbdefault\u00bb text_font=\u00bbLato||||||||\u00bb text_font_size=\u00bb18px\u00bb text_line_height=\u00bb1.8em\u00bb text_orientation=\u00bbcenter\u00bb custom_padding=\u00bb15px|||||\u00bb global_colors_info=\u00bb{}\u00bb]<p>Nos asociamos con la <a href=\"https:\/\/fundacionjambeli.org\/\" target=\"_blank\" rel=\"noopener\">Fundaci\u00f3n Jambeli<\/a> para servir como un centro de acogida para aves nativas de la zona. Nuestra alianza se centra especialmente en la conservaci\u00f3n y reproducci\u00f3n del Guayac\u00e1n Verde, una especie en peligro de extinci\u00f3n que tiene dificultades para encontrar lugares seguros para aparearse. En Hacienda Victoria tenemos un \u00e1rea especial donde las aves son tra\u00eddas por parejas y reciben atenci\u00f3n veterinaria, alimentaci\u00f3n y todos los ajustes necesarios hasta que se produzca el apareamiento y los polluelos puedan ser liberados cuidadosamente en su h\u00e1bitat natural.<\/p>[\/et_pb_text][\/et_pb_column][\/et_pb_row][et_pb_row column_structure=\u00bb1_2,1_2&#8243; _builder_version=\u00bb4.21.0&#8243; _module_preset=\u00bbdefault\u00bb custom_margin=\u00bb34px||||false|false\u00bb global_colors_info=\u00bb{}\u00bb][et_pb_column type=\u00bb1_2&#8243; _builder_version=\u00bb4.21.0&#8243; _module_preset=\u00bbdefault\u00bb global_colors_info=\u00bb{}\u00bb][et_pb_text _builder_version=\u00bb4.21.0&#8243; _module_preset=\u00bbdefault\u00bb text_font=\u00bbBraveold Medium||||||||\u00bb text_text_color=\u00bb#483C38&#8243; text_font_size=\u00bb36px\u00bb text_orientation=\u00bbcenter\u00bb custom_margin=\u00bb13px||22px||false|false\u00bb global_colors_info=\u00bb{}\u00bb]<p>Reforestacion<\/p>[\/et_pb_text][et_pb_text _builder_version=\u00bb4.21.0&#8243; _module_preset=\u00bbdefault\u00bb text_font=\u00bbLato||||||||\u00bb text_font_size=\u00bb18px\u00bb text_line_height=\u00bb1.8em\u00bb text_orientation=\u00bbcenter\u00bb custom_padding=\u00bb13px|||||\u00bb global_colors_info=\u00bb{}\u00bb]<p>Estamos comprometidos a crear un espacio biodiverso que pueda servir como hogar para aves y otras especies. Actualmente, dedicamos m\u00e1s de una cuarta parte de nuestras tierras a \u00e1rboles nativos y estamos plantando m\u00e1s r\u00e1pidamente. Para finales de 2023, estimamos plantar al menos 500 \u00e1rboles y contando.<\/p>[\/et_pb_text][\/et_pb_column][et_pb_column type=\u00bb1_2&#8243; _builder_version=\u00bb4.21.0&#8243; _module_preset=\u00bbdefault\u00bb global_colors_info=\u00bb{}\u00bb][et_pb_image src=\u00bbhttp:\/\/www.hacienda-victoria.com\/es\/wp-content\/uploads\/2023\/06\/in-action3.jpg\u00bb title_text=\u00bbin-action3&#8243; align=\u00bbcenter\u00bb _builder_version=\u00bb4.21.0&#8243; _module_preset=\u00bbdefault\u00bb max_width=\u00bb86%\u00bb custom_margin=\u00bb||-2px|||\u00bb custom_padding=\u00bb||0px|||\u00bb global_colors_info=\u00bb{}\u00bb][\/et_pb_image][\/et_pb_column][\/et_pb_row][et_pb_row column_structure=\u00bb1_2,1_2&#8243; _builder_version=\u00bb4.21.0&#8243; _module_preset=\u00bbdefault\u00bb custom_margin=\u00bb34px||||false|false\u00bb custom_css_main_element=\u00bbdisplay: flex;||flex-wrap: wrap;\u00bb global_colors_info=\u00bb{}\u00bb][et_pb_column type=\u00bb1_2&#8243; _builder_version=\u00bb4.21.0&#8243; _module_preset=\u00bbdefault\u00bb custom_padding_tablet=\u00bb30px||||false|false\u00bb custom_padding_phone=\u00bb30px||||false|false\u00bb custom_padding_last_edited=\u00bbon|tablet\u00bb global_colors_info=\u00bb{}\u00bb custom_css_main_element_last_edited=\u00bbon|tablet\u00bb custom_css_main_element_tablet=\u00bborder: 2;\u00bb custom_css_main_element_phone=\u00bborder: 2;\u00bb][et_pb_image src=\u00bbhttp:\/\/www.hacienda-victoria.com\/es\/wp-content\/uploads\/2023\/06\/in-action4.jpg\u00bb title_text=\u00bbin-action4&#8243; url=\u00bbhttps:\/\/www.unidosporlaeducacionec.org\/%20&#8243; url_new_window=\u00bbon\u00bb align=\u00bbcenter\u00bb _builder_version=\u00bb4.21.0&#8243; _module_preset=\u00bbdefault\u00bb max_width=\u00bb86%\u00bb custom_margin=\u00bb||-2px|||\u00bb custom_padding=\u00bb||0px|||\u00bb global_colors_info=\u00bb{}\u00bb][\/et_pb_image][\/et_pb_column][et_pb_column type=\u00bb1_2&#8243; _builder_version=\u00bb4.21.0&#8243; _module_preset=\u00bbdefault\u00bb global_colors_info=\u00bb{}\u00bb custom_css_main_element_last_edited=\u00bbon|tablet\u00bb custom_css_main_element_tablet=\u00bborder: 1;\u00bb custom_css_main_element_phone=\u00bborder: 1;\u00bb][et_pb_text _builder_version=\u00bb4.21.0&#8243; _module_preset=\u00bbdefault\u00bb text_font=\u00bbBraveold Medium||||||||\u00bb text_text_color=\u00bb#483C38&#8243; text_font_size=\u00bb36px\u00bb text_orientation=\u00bbcenter\u00bb custom_margin=\u00bb13px||22px||false|false\u00bb global_colors_info=\u00bb{}\u00bb]<p>Comunidad<\/p>[\/et_pb_text][et_pb_text _builder_version=\u00bb4.21.0&#8243; _module_preset=\u00bbdefault\u00bb text_font=\u00bbLato||||||||\u00bb text_font_size=\u00bb18px\u00bb text_line_height=\u00bb1.8em\u00bb text_orientation=\u00bbcenter\u00bb custom_padding=\u00bb15px|||||\u00bb global_colors_info=\u00bb{}\u00bb]<p>A tan solo un par de kil\u00f3metros de distancia de nosotros vive una peque\u00f1a y alegre comunidad llamada Bajada de Progreso. Con el apoyo de la <a href=\"https:\/\/www.unidosporlaeducacionec.org\/\" target=\"_blank\" rel=\"noopener\">Fundaci\u00f3n Unidos por la Educaci\u00f3n<\/a>, una ONG mundial que construye un sistema de apoyo dentro de la educaci\u00f3n, pudimos construir una escuela primaria que no solo cuenta con tecnolog\u00eda de vanguardia, sino que lleva consigo el valor de ense\u00f1ar a educadores, padres y a toda la comunidad los beneficios de mantenerse bien organizados y priorizar los estudios alternativos para ni\u00f1os y adolescentes.<\/p>[\/et_pb_text][\/et_pb_column][\/et_pb_row][et_pb_row column_structure=\u00bb1_2,1_2&#8243; _builder_version=\u00bb4.21.0&#8243; _module_preset=\u00bbdefault\u00bb custom_margin=\u00bb34px||||false|false\u00bb global_colors_info=\u00bb{}\u00bb][et_pb_column type=\u00bb1_2&#8243; _builder_version=\u00bb4.21.0&#8243; _module_preset=\u00bbdefault\u00bb global_colors_info=\u00bb{}\u00bb][et_pb_text _builder_version=\u00bb4.21.0&#8243; _module_preset=\u00bbdefault\u00bb text_font=\u00bbBraveold Medium||||||||\u00bb text_text_color=\u00bb#483C38&#8243; text_font_size=\u00bb36px\u00bb text_line_height=\u00bb1.1em\u00bb text_orientation=\u00bbcenter\u00bb custom_margin=\u00bb13px||22px||false|false\u00bb text_font_size_tablet=\u00bb36px\u00bb text_font_size_phone=\u00bb36px\u00bb text_font_size_last_edited=\u00bbon|phone\u00bb global_colors_info=\u00bb{}\u00bb]<p>Creciendo Responsablemente<\/p>[\/et_pb_text][et_pb_text _builder_version=\u00bb4.21.0&#8243; _module_preset=\u00bbdefault\u00bb text_font=\u00bbLato||||||||\u00bb text_font_size=\u00bb18px\u00bb text_line_height=\u00bb1.8em\u00bb text_orientation=\u00bbcenter\u00bb custom_padding=\u00bb10px|||||\u00bb global_colors_info=\u00bb{}\u00bb]<p>Para convertirnos en un espacio ambiental seguro para preservar y rescatar el Cacao Nacional Arriba, en primer lugar consideramos nuestro compromiso con la tierra que nutre nuestras frutas. Para ello, implementamos un sistema de riego eficiente y nos hemos dedicado a cuidar el suelo poniendo en pr\u00e1ctica una gesti\u00f3n responsable del mismo. Esto no solo beneficia nuestros cultivos, sino que tambi\u00e9n, de manera segura y efectiva, genera un efecto contagioso que proporciona una mejor materia org\u00e1nica en toda el \u00e1rea que nos rodea.<\/p>[\/et_pb_text][\/et_pb_column][et_pb_column type=\u00bb1_2&#8243; _builder_version=\u00bb4.21.0&#8243; _module_preset=\u00bbdefault\u00bb global_colors_info=\u00bb{}\u00bb][et_pb_image src=\u00bbhttp:\/\/www.hacienda-victoria.com\/es\/wp-content\/uploads\/2023\/06\/in-action5.jpg\u00bb title_text=\u00bbin-action5&#8243; align=\u00bbcenter\u00bb _builder_version=\u00bb4.21.0&#8243; _module_preset=\u00bbdefault\u00bb max_width=\u00bb86%\u00bb custom_margin=\u00bb||-2px|||\u00bb custom_padding=\u00bb||0px|||\u00bb global_colors_info=\u00bb{}\u00bb][\/et_pb_image][\/et_pb_column][\/et_pb_row][\/et_pb_section][et_pb_section fb_built=\u00bb1&#8243; _builder_version=\u00bb4.21.0&#8243; _module_preset=\u00bbdefault\u00bb background_color=\u00bb#2F513F\u00bb custom_padding=\u00bb9px||27px|||\u00bb global_module=\u00bb68&#8243; saved_tabs=\u00bball\u00bb global_colors_info=\u00bb{}\u00bb][et_pb_row column_structure=\u00bb1_2,1_2&#8243; _builder_version=\u00bb4.21.0&#8243; _module_preset=\u00bbdefault\u00bb width=\u00bb100%\u00bb max_width=\u00bb1088px\u00bb custom_padding=\u00bb|13px||9px|false|false\u00bb border_radii=\u00bbon|8px|8px|8px|8px\u00bb global_colors_info=\u00bb{}\u00bb custom_margin__hover_enabled=\u00bbon|desktop\u00bb][et_pb_column type=\u00bb1_2&#8243; _builder_version=\u00bb4.21.0&#8243; _module_preset=\u00bbdefault\u00bb global_colors_info=\u00bb{}\u00bb][et_pb_image src=\u00bbhttp:\/\/www.hacienda-victoria.com\/es\/wp-content\/uploads\/2023\/05\/HV-logo2.png\u00bb alt=\u00bbhacienda victoria cacao ecuador premium<br \/>\n\u00bb title_text=\u00bbHV-logo2&#8243; _builder_version=\u00bb4.21.0&#8243; _module_preset=\u00bbdefault\u00bb max_width=\u00bb51%\u00bb module_alignment=\u00bbleft\u00bb global_colors_info=\u00bb{}\u00bb][\/et_pb_image][\/et_pb_column][et_pb_column type=\u00bb1_2&#8243; _builder_version=\u00bb4.21.0&#8243; _module_preset=\u00bbdefault\u00bb global_colors_info=\u00bb{}\u00bb][et_pb_text _builder_version=\u00bb4.21.0&#8243; _module_preset=\u00bbdefault\u00bb text_text_color=\u00bb#F2E9DD\u00bb global_colors_info=\u00bb{}\u00bb]<p style=\"text-align: right;\">Cacao Nacional Arriba<br \/>Guayaquil, Ecuador \u00ae Todos los derechos reservados<\/p>[\/et_pb_text][\/et_pb_column][\/et_pb_row][\/et_pb_section]\n","protected":false},"excerpt":{"rendered":"<p>VICTORIA EN ACCI\u00d3NNuestro EquipoCon menos del 1% de rotaci\u00f3n de empleados desde su establecimiento en 2011, a nuestros miembros del equipo se les proporcionan visitas m\u00e9dicas quincenales, instalaciones de vida certificadas por Rainforest Alliance que incluyen una cocina totalmente equipada con tres comidas calientes al d\u00eda, reuniones trimestrales con un especialista financiero que los gu\u00eda [&hellip;]<\/p>\n","protected":false},"author":1,"featured_media":0,"parent":0,"menu_order":0,"comment_status":"closed","ping_status":"closed","template":"","meta":{"_et_pb_use_builder":"on","_et_pb_old_content":"<!-- wp:divi\/placeholder \/-->","_et_gb_content_width":""},"_links":{"self":[{"href":"http:\/\/www.hacienda-victoria.com\/es\/wp-json\/wp\/v2\/pages\/99"}],"collection":[{"href":"http:\/\/www.hacienda-victoria.com\/es\/wp-json\/wp\/v2\/pages"}],"about":[{"href":"http:\/\/www.hacienda-victoria.com\/es\/wp-json\/wp\/v2\/types\/page"}],"author":[{"embeddable":true,"href":"http:\/\/www.hacienda-victoria.com\/es\/wp-json\/wp\/v2\/users\/1"}],"replies":[{"embeddable":true,"href":"http:\/\/www.hacienda-victoria.com\/es\/wp-json\/wp\/v2\/comments?post=99"}],"version-history":[{"count":46,"href":"http:\/\/www.hacienda-victoria.com\/es\/wp-json\/wp\/v2\/pages\/99\/revisions"}],"predecessor-version":[{"id":265,"href":"http:\/\/www.hacienda-victoria.com\/es\/wp-json\/wp\/v2\/pages\/99\/revisions\/265"}],"wp:attachment":[{"href":"http:\/\/www.hacienda-victoria.com\/es\/wp-json\/wp\/v2\/media?parent=99"}],"curies":[{"name":"wp","href":"https:\/\/api.w.org\/{rel}","templated":true}]}}